{"id":62,"date":"2022-04-07T18:53:13","date_gmt":"2022-04-07T18:53:13","guid":{"rendered":"https:\/\/mimarsinan.msgsu.edu.tr\/?page_id=62"},"modified":"2022-04-07T18:53:13","modified_gmt":"2022-04-07T18:53:13","slug":"biyografi","status":"publish","type":"page","link":"https:\/\/mimarsinan.msgsu.edu.tr\/biyografi\/","title":{"rendered":"Biyografi"},"content":{"rendered":"\n\n\t<section class=\"section\" id=\"section_2125093160\">\n\t\t<div class=\"section-bg fill\" >\n\t\t\t\t\t\t\t\t\t\n\t\t\t\n\n\t\t<\/div>\n\n\t\t\n\n\t\t<div class=\"section-content relative\">\n\t\t\t\n\n\n  <div class=\"banner has-hover\" id=\"banner-2029690673\">\n          <div class=\"banner-inner fill\">\n        <div class=\"banner-bg fill\" >\n                                                \n                    <\/div>\n\t\t\n        <div class=\"banner-layers container\">\n            <div class=\"fill banner-link\"><\/div>            \n\n\t<div class=\"img has-hover x50 md-x50 lg-x50 y100 md-y50 lg-y50\" id=\"image_1791793550\">\n\t\t\t\t\t\t\t\t<div class=\"img-inner dark\" >\n\t\t\t<img loading=\"lazy\" decoding=\"async\" width=\"1020\" height=\"513\" src=\"https:\/\/mimarsinan.msgsu.edu.tr\/wp-content\/uploads\/2022\/04\/Page_Banner_IMG-07-1-1-3-1024x515.png\" class=\"attachment-large size-large\" alt=\"\" srcset=\"https:\/\/mimarsinan.msgsu.edu.tr\/wp-content\/uploads\/2022\/04\/Page_Banner_IMG-07-1-1-3-1024x515.png 1024w, https:\/\/mimarsinan.msgsu.edu.tr\/wp-content\/uploads\/2022\/04\/Page_Banner_IMG-07-1-1-3-300x151.png 300w, https:\/\/mimarsinan.msgsu.edu.tr\/wp-content\/uploads\/2022\/04\/Page_Banner_IMG-07-1-1-3-768x386.png 768w, https:\/\/mimarsinan.msgsu.edu.tr\/wp-content\/uploads\/2022\/04\/Page_Banner_IMG-07-1-1-3-1536x772.png 1536w, https:\/\/mimarsinan.msgsu.edu.tr\/wp-content\/uploads\/2022\/04\/Page_Banner_IMG-07-1-1-3.png 1920w\" sizes=\"auto, (max-width: 1020px) 100vw, 1020px\" \/>\t\t\t\t\t\t\n\t\t\t\t\t<\/div>\n\t\t\t\t\t\t\t\t\n<style>\n#image_1791793550 {\n  width: 100%;\n}\n<\/style>\n\t<\/div>\n\t\n\n\n        <\/div>\n      <\/div>\n\n            \n<style>\n#banner-2029690673 {\n  padding-top: 306px;\n  background-color: rgb(113, 113, 113);\n}\n@media (min-width:550px) {\n  #banner-2029690673 {\n    padding-top: 426px;\n  }\n}\n@media (min-width:850px) {\n  #banner-2029690673 {\n    padding-top: 483px;\n  }\n}\n<\/style>\n  <\/div>\n\n\n\n\t\t<\/div>\n\n\t\t\n<style>\n#section_2125093160 {\n  padding-top: 0px;\n  padding-bottom: 0px;\n}\n<\/style>\n\t<\/section>\n\t\n\n\t<section class=\"section\" id=\"section_1571142386\">\n\t\t<div class=\"section-bg fill\" >\n\t\t\t\t\t\t\t\t\t\n\t\t\t\n\n\t\t<\/div>\n\n\t\t\n\n\t\t<div class=\"section-content relative\">\n\t\t\t\n\n<div class=\"row row-collapse row-full-width\"  id=\"row-624803632\">\n\n\n\t<div id=\"col-1573259749\" class=\"col small-12 large-12\"  >\n\t\t\t\t<div class=\"col-inner\"  >\n\t\t\t\n\t\t\t\n\n\n  <div class=\"banner has-hover\" id=\"banner-1048311399\">\n          <div class=\"banner-inner fill\">\n        <div class=\"banner-bg fill\" >\n                                                \n                    <\/div>\n\t\t\n        <div class=\"banner-layers container\">\n            <div class=\"fill banner-link\"><\/div>            \n\n   <div id=\"text-box-2017859651\" class=\"text-box banner-layer x10 md-x10 lg-x10 y50 md-y50 lg-y50 res-text\">\n                                <div class=\"text-box-content text dark\">\n              \n              <div class=\"text-inner text-center\">\n                  \n\n<h5 class=\"uppercase\" style=\"text-align: left;\"><b>B\u0130YOGRAF\u0130<\/b><\/h5>\n\n              <\/div>\n           <\/div>\n                            \n<style>\n#text-box-2017859651 {\n  width: 60%;\n}\n#text-box-2017859651 .text-box-content {\n  font-size: 100%;\n}\n<\/style>\n    <\/div>\n \n\n        <\/div>\n      <\/div>\n\n            \n<style>\n#banner-1048311399 {\n  padding-top: 58px;\n  background-color: rgb(6, 3, 141);\n}\n<\/style>\n  <\/div>\n\n\n\n\t\t<\/div>\n\t\t\t\t\t<\/div>\n\n\t\n\n<\/div>\n\n\t\t<\/div>\n\n\t\t\n<style>\n#section_1571142386 {\n  padding-top: 0px;\n  padding-bottom: 0px;\n}\n<\/style>\n\t<\/section>\n\t\n\n\t<section class=\"section\" id=\"section_1558821755\">\n\t\t<div class=\"section-bg fill\" >\n\t\t\t\t\t\t\t\t\t\n\t\t\t\n\n\t\t<\/div>\n\n\t\t\n\n\t\t<div class=\"section-content relative\">\n\t\t\t\n\n<div class=\"row\"  id=\"row-393537409\">\n\n\n\t<div id=\"col-1951672855\" class=\"col small-12 large-12\"  >\n\t\t\t\t<div class=\"col-inner\"  >\n\t\t\t\n\t\t\t\n\n\t<div id=\"gap-1377675510\" class=\"gap-element clearfix\" style=\"display:block; height:auto;\">\n\t\t\n<style>\n#gap-1377675510 {\n  padding-top: 120px;\n}\n<\/style>\n\t<\/div>\n\t\n\n<p style=\"text-align: center;\">Sayfan\u0131n haz\u0131rl\u0131\u011f\u0131 devam etmektedir&#8230;<\/p>\n\t<div id=\"gap-9399932\" class=\"gap-element clearfix\" style=\"display:block; height:auto;\">\n\t\t\n<style>\n#gap-9399932 {\n  padding-top: 80px;\n}\n<\/style>\n\t<\/div>\n\t\n\n\n\t\t<\/div>\n\t\t\t\t\t<\/div>\n\n\t\n\n<\/div>\n\n\t\t<\/div>\n\n\t\t\n<style>\n#section_1558821755 {\n  padding-top: 0px;\n  padding-bottom: 0px;\n}\n<\/style>\n\t<\/section>\n\t\n\n","protected":false},"excerpt":{"rendered":"","protected":false},"author":1,"featured_media":0,"parent":0,"menu_order":0,"comment_status":"closed","ping_status":"closed","template":"page-transparent-header.php","meta":{"footnotes":""},"class_list":["post-62","page","type-page","status-publish","hentry"],"_links":{"self":[{"href":"https:\/\/mimarsinan.msgsu.edu.tr\/wp-json\/wp\/v2\/pages\/62","targetHints":{"allow":["GET"]}}],"collection":[{"href":"https:\/\/mimarsinan.msgsu.edu.tr\/wp-json\/wp\/v2\/pages"}],"about":[{"href":"https:\/\/mimarsinan.msgsu.edu.tr\/wp-json\/wp\/v2\/types\/page"}],"author":[{"embeddable":true,"href":"https:\/\/mimarsinan.msgsu.edu.tr\/wp-json\/wp\/v2\/users\/1"}],"replies":[{"embeddable":true,"href":"https:\/\/mimarsinan.msgsu.edu.tr\/wp-json\/wp\/v2\/comments?post=62"}],"version-history":[{"count":0,"href":"https:\/\/mimarsinan.msgsu.edu.tr\/wp-json\/wp\/v2\/pages\/62\/revisions"}],"wp:attachment":[{"href":"https:\/\/mimarsinan.msgsu.edu.tr\/wp-json\/wp\/v2\/media?parent=62"}],"curies":[{"name":"wp","href":"https:\/\/api.w.org\/{rel}","templated":true}]}}