{"id":262,"date":"2022-04-09T06:26:28","date_gmt":"2022-04-09T06:26:28","guid":{"rendered":"https:\/\/mimarsinan.msgsu.edu.tr\/?page_id=262"},"modified":"2022-04-09T06:26:28","modified_gmt":"2022-04-09T06:26:28","slug":"mihrimah-sultan-cami","status":"publish","type":"page","link":"https:\/\/mimarsinan.msgsu.edu.tr\/eserleri-yapi-listesi\/mihrimah-sultan-cami\/","title":{"rendered":"Mihrimah Sultan Cami"},"content":{"rendered":"\n\n\t<section class=\"section\" id=\"section_1626766044\">\n\t\t<div class=\"section-bg fill\" >\n\t\t\t\t\t\t\t\t\t\n\t\t\t\n\n\t\t<\/div>\n\n\t\t\n\n\t\t<div class=\"section-content relative\">\n\t\t\t\n\n\n  <div class=\"banner has-hover\" id=\"banner-636150886\">\n          <div class=\"banner-inner fill\">\n        <div class=\"banner-bg fill\" >\n            <img loading=\"lazy\" decoding=\"async\" width=\"2560\" height=\"1920\" src=\"https:\/\/mimarsinan.msgsu.edu.tr\/wp-content\/uploads\/2022\/04\/Uskudar-Mihrimah-Camii-Bogaz_16-scaled-4.jpg\" class=\"bg attachment-original size-original\" alt=\"\" \/>                                    \n                    <\/div>\n\t\t\n        <div class=\"banner-layers container\">\n            <div class=\"fill banner-link\"><\/div>            \n\n\n        <\/div>\n      <\/div>\n\n            \n<style>\n#banner-636150886 {\n  padding-top: 483px;\n}\n<\/style>\n  <\/div>\n\n\n\n\t\t<\/div>\n\n\t\t\n<style>\n#section_1626766044 {\n  padding-top: 0px;\n  padding-bottom: 0px;\n}\n<\/style>\n\t<\/section>\n\t\n\n\t<section class=\"section\" id=\"section_1748873766\">\n\t\t<div class=\"section-bg fill\" >\n\t\t\t\t\t\t\t\t\t\n\t\t\t\n\n\t\t<\/div>\n\n\t\t\n\n\t\t<div class=\"section-content relative\">\n\t\t\t\n\n<div class=\"row row-collapse row-full-width\"  id=\"row-1320233267\">\n\n\n\t<div id=\"col-1208537700\" class=\"col small-12 large-12\"  >\n\t\t\t\t<div class=\"col-inner\"  >\n\t\t\t\n\t\t\t\n\n\n  <div class=\"banner has-hover\" id=\"banner-175191343\">\n          <div class=\"banner-inner fill\">\n        <div class=\"banner-bg fill\" >\n                                                \n                    <\/div>\n\t\t\n        <div class=\"banner-layers container\">\n            <div class=\"fill banner-link\"><\/div>            \n\n   <div id=\"text-box-469701374\" class=\"text-box banner-layer x10 md-x10 lg-x10 y50 md-y50 lg-y50 res-text\">\n                                <div class=\"text-box-content text dark\">\n              \n              <div class=\"text-inner text-center\">\n                  \n\n<h5 class=\"uppercase\" style=\"text-align: left;\"><b>M\u0130HR\u0130MAH SULTAN CAM\u0130<\/b><\/h5>\n\n              <\/div>\n           <\/div>\n                            \n<style>\n#text-box-469701374 {\n  width: 60%;\n}\n#text-box-469701374 .text-box-content {\n  font-size: 100%;\n}\n<\/style>\n    <\/div>\n \n\n        <\/div>\n      <\/div>\n\n            \n<style>\n#banner-175191343 {\n  padding-top: 58px;\n  background-color: rgb(6, 3, 141);\n}\n<\/style>\n  <\/div>\n\n\n\n\t\t<\/div>\n\t\t\t\t\t<\/div>\n\n\t\n\n<\/div>\n\n\t\t<\/div>\n\n\t\t\n<style>\n#section_1748873766 {\n  padding-top: 0px;\n  padding-bottom: 0px;\n}\n<\/style>\n\t<\/section>\n\t\n\n\t<section class=\"section\" id=\"section_41436214\">\n\t\t<div class=\"section-bg fill\" >\n\t\t\t\t\t\t\t\t\t\n\t\t\t\n\n\t\t<\/div>\n\n\t\t\n\n\t\t<div class=\"section-content relative\">\n\t\t\t\n\n<div class=\"row\"  id=\"row-782962487\">\n\n\n\t<div id=\"col-827103973\" class=\"col small-12 large-12\"  >\n\t\t\t\t<div class=\"col-inner\"  >\n\t\t\t\n\t\t\t\n\n\t<div id=\"gap-305071267\" class=\"gap-element clearfix\" style=\"display:block; height:auto;\">\n\t\t\n<style>\n#gap-305071267 {\n  padding-top: 60px;\n}\n<\/style>\n\t<\/div>\n\t\n\n<p><strong>Eser Ad\u0131: <\/strong>Mihrimah Sultan Cami<\/p>\n<p><strong>Yap\u0131l\u0131\u015f Tarihi: <\/strong>1940-1947<\/p>\n<p><strong>Bulundu\u011fu yer:<\/strong> \u00dcsk\u00fcdar<\/p>\n<p><strong>Banisi: <\/strong>Kanuni Sultan S\u00fcleyman<\/p>\n<p><strong>Plan\u0131: <\/strong>\u00dclgen, A.S. (1941). <em>\u00dcsk\u00fcdar Mihrimah Sultan Camii Plan\u0131, <\/em>Salt Ara\u015ft\u0131rma, Eri\u015fim adresi: https:\/\/archives.saltresearch.org\/handle\/123456789\/70561<\/p>\n\t<div id=\"gap-852334679\" class=\"gap-element clearfix\" style=\"display:block; height:auto;\">\n\t\t\n<style>\n#gap-852334679 {\n  padding-top: 40px;\n}\n<\/style>\n\t<\/div>\n\t\n\n\t<div class=\"img has-hover x md-x lg-x y md-y lg-y\" id=\"image_1983281397\">\n\t\t\t\t\t\t\t\t<div class=\"img-inner dark\" >\n\t\t\t<img loading=\"lazy\" decoding=\"async\" width=\"1110\" height=\"586\" src=\"https:\/\/mimarsinan.msgsu.edu.tr\/wp-content\/uploads\/2022\/04\/MihrimahSultanCami-3.png\" class=\"attachment-original size-original\" alt=\"\" srcset=\"https:\/\/mimarsinan.msgsu.edu.tr\/wp-content\/uploads\/2022\/04\/MihrimahSultanCami-3.png 1110w, https:\/\/mimarsinan.msgsu.edu.tr\/wp-content\/uploads\/2022\/04\/MihrimahSultanCami-3-300x158.png 300w, https:\/\/mimarsinan.msgsu.edu.tr\/wp-content\/uploads\/2022\/04\/MihrimahSultanCami-3-1024x541.png 1024w, https:\/\/mimarsinan.msgsu.edu.tr\/wp-content\/uploads\/2022\/04\/MihrimahSultanCami-3-768x405.png 768w\" sizes=\"auto, (max-width: 1110px) 100vw, 1110px\" \/>\t\t\t\t\t\t\n\t\t\t\t\t<\/div>\n\t\t\t\t\t\t\t\t\n<style>\n#image_1983281397 {\n  width: 100%;\n}\n<\/style>\n\t<\/div>\n\t\n\n\t<div id=\"gap-615755154\" class=\"gap-element clearfix\" style=\"display:block; height:auto;\">\n\t\t\n<style>\n#gap-615755154 {\n  padding-top: 20px;\n}\n<\/style>\n\t<\/div>\n\t\n\n<p data-line-height=\"xl\"><strong>Kaynak: <\/strong>Orman, \u0130. (2005). <em>Mihrimah Sultan K\u00fclliyesi, <\/em>\u00a0TDV \u0130sl\u00e2m Ansiklopedisi. Eri\u015fim adresi: https:\/\/cdn2.islamansiklopedisi.org.tr\/dosya\/30\/C30009676.pdf<\/p>\n\t<div id=\"gap-898402504\" class=\"gap-element clearfix\" style=\"display:block; height:auto;\">\n\t\t\n<style>\n#gap-898402504 {\n  padding-top: 80px;\n}\n<\/style>\n\t<\/div>\n\t\n\n\n\t\t<\/div>\n\t\t\t\t\t<\/div>\n\n\t\n\n<\/div>\n\n\t\t<\/div>\n\n\t\t\n<style>\n#section_41436214 {\n  padding-top: 0px;\n  padding-bottom: 0px;\n}\n<\/style>\n\t<\/section>\n\t\n\n","protected":false},"excerpt":{"rendered":"","protected":false},"author":1,"featured_media":0,"parent":67,"menu_order":0,"comment_status":"closed","ping_status":"closed","template":"page-transparent-header.php","meta":{"footnotes":""},"class_list":["post-262","page","type-page","status-publish","hentry"],"_links":{"self":[{"href":"https:\/\/mimarsinan.msgsu.edu.tr\/wp-json\/wp\/v2\/pages\/262","targetHints":{"allow":["GET"]}}],"collection":[{"href":"https:\/\/mimarsinan.msgsu.edu.tr\/wp-json\/wp\/v2\/pages"}],"about":[{"href":"https:\/\/mimarsinan.msgsu.edu.tr\/wp-json\/wp\/v2\/types\/page"}],"author":[{"embeddable":true,"href":"https:\/\/mimarsinan.msgsu.edu.tr\/wp-json\/wp\/v2\/users\/1"}],"replies":[{"embeddable":true,"href":"https:\/\/mimarsinan.msgsu.edu.tr\/wp-json\/wp\/v2\/comments?post=262"}],"version-history":[{"count":0,"href":"https:\/\/mimarsinan.msgsu.edu.tr\/wp-json\/wp\/v2\/pages\/262\/revisions"}],"up":[{"embeddable":true,"href":"https:\/\/mimarsinan.msgsu.edu.tr\/wp-json\/wp\/v2\/pages\/67"}],"wp:attachment":[{"href":"https:\/\/mimarsinan.msgsu.edu.tr\/wp-json\/wp\/v2\/media?parent=262"}],"curies":[{"name":"wp","href":"https:\/\/api.w.org\/{rel}","templated":true}]}}