{"id":253,"date":"2022-04-09T06:19:38","date_gmt":"2022-04-09T06:19:38","guid":{"rendered":"https:\/\/mimarsinan.msgsu.edu.tr\/?page_id=253"},"modified":"2022-04-09T06:19:38","modified_gmt":"2022-04-09T06:19:38","slug":"sehzade-mehmed-cami","status":"publish","type":"page","link":"https:\/\/mimarsinan.msgsu.edu.tr\/eserleri-yapi-listesi\/sehzade-mehmed-cami\/","title":{"rendered":"\u015eehzade Mehmed Cami"},"content":{"rendered":"\n\n\t<section class=\"section\" id=\"section_54606077\">\n\t\t<div class=\"section-bg fill\" >\n\t\t\t\t\t\t\t\t\t\n\t\t\t\n\n\t\t<\/div>\n\n\t\t\n\n\t\t<div class=\"section-content relative\">\n\t\t\t\n\n\n  <div class=\"banner has-hover\" id=\"banner-444709976\">\n          <div class=\"banner-inner fill\">\n        <div class=\"banner-bg fill\" >\n            <img loading=\"lazy\" decoding=\"async\" width=\"2288\" height=\"1712\" src=\"https:\/\/mimarsinan.msgsu.edu.tr\/wp-content\/uploads\/2022\/04\/sehzade_mehmed_camii-3.jpg\" class=\"bg attachment-original size-original\" alt=\"\" \/>                                    \n                    <\/div>\n\t\t\n        <div class=\"banner-layers container\">\n            <div class=\"fill banner-link\"><\/div>            \n\n\n        <\/div>\n      <\/div>\n\n            \n<style>\n#banner-444709976 {\n  padding-top: 483px;\n}\n<\/style>\n  <\/div>\n\n\n\n\t\t<\/div>\n\n\t\t\n<style>\n#section_54606077 {\n  padding-top: 0px;\n  padding-bottom: 0px;\n}\n<\/style>\n\t<\/section>\n\t\n\n\t<section class=\"section\" id=\"section_502553456\">\n\t\t<div class=\"section-bg fill\" >\n\t\t\t\t\t\t\t\t\t\n\t\t\t\n\n\t\t<\/div>\n\n\t\t\n\n\t\t<div class=\"section-content relative\">\n\t\t\t\n\n<div class=\"row row-collapse row-full-width\"  id=\"row-73218140\">\n\n\n\t<div id=\"col-753547017\" class=\"col small-12 large-12\"  >\n\t\t\t\t<div class=\"col-inner\"  >\n\t\t\t\n\t\t\t\n\n\n  <div class=\"banner has-hover\" id=\"banner-708870555\">\n          <div class=\"banner-inner fill\">\n        <div class=\"banner-bg fill\" >\n                                                \n                    <\/div>\n\t\t\n        <div class=\"banner-layers container\">\n            <div class=\"fill banner-link\"><\/div>            \n\n   <div id=\"text-box-1611698806\" class=\"text-box banner-layer x10 md-x10 lg-x10 y50 md-y50 lg-y50 res-text\">\n                                <div class=\"text-box-content text dark\">\n              \n              <div class=\"text-inner text-center\">\n                  \n\n<h5 class=\"uppercase\" style=\"text-align: left;\"><b>\u015eEHZADE MEHMED CAM\u0130<\/b><\/h5>\n\n              <\/div>\n           <\/div>\n                            \n<style>\n#text-box-1611698806 {\n  width: 60%;\n}\n#text-box-1611698806 .text-box-content {\n  font-size: 100%;\n}\n<\/style>\n    <\/div>\n \n\n        <\/div>\n      <\/div>\n\n            \n<style>\n#banner-708870555 {\n  padding-top: 58px;\n  background-color: rgb(6, 3, 141);\n}\n<\/style>\n  <\/div>\n\n\n\n\t\t<\/div>\n\t\t\t\t\t<\/div>\n\n\t\n\n<\/div>\n\n\t\t<\/div>\n\n\t\t\n<style>\n#section_502553456 {\n  padding-top: 0px;\n  padding-bottom: 0px;\n}\n<\/style>\n\t<\/section>\n\t\n\n\t<section class=\"section\" id=\"section_1077792462\">\n\t\t<div class=\"section-bg fill\" >\n\t\t\t\t\t\t\t\t\t\n\t\t\t\n\n\t\t<\/div>\n\n\t\t\n\n\t\t<div class=\"section-content relative\">\n\t\t\t\n\n<div class=\"row\"  id=\"row-1930924961\">\n\n\n\t<div id=\"col-322257315\" class=\"col small-12 large-12\"  >\n\t\t\t\t<div class=\"col-inner text-left\"  >\n\t\t\t\n\t\t\t\n\n\t<div id=\"gap-1512040762\" class=\"gap-element clearfix\" style=\"display:block; height:auto;\">\n\t\t\n<style>\n#gap-1512040762 {\n  padding-top: 60px;\n}\n<\/style>\n\t<\/div>\n\t\n\n<p><strong>Eser Ad\u0131: <\/strong>\u00a0\u015eehzade Mehmed Cami (\u015eehzadeba\u015f\u0131)<\/p>\n<p><strong>Yap\u0131l\u0131\u015f Tarihi: <\/strong>1543-1548<\/p>\n<p><strong>Bulundu\u011fu yer:<\/strong> Fatih\/\u0130stanbul<\/p>\n<p><strong>Banisi: <\/strong>Kanuni Sultan S\u00fcleyman<\/p>\n<p><strong>Plan\u0131: <\/strong>https:\/\/www.tarihlisanat.com\/sehzade-camii-mimar-sinan\/<\/p>\n\t<div id=\"gap-1953771914\" class=\"gap-element clearfix\" style=\"display:block; height:auto;\">\n\t\t\n<style>\n#gap-1953771914 {\n  padding-top: 40px;\n}\n<\/style>\n\t<\/div>\n\t\n\n\t<div class=\"img has-hover x md-x lg-x y md-y lg-y\" id=\"image_1373089809\">\n\t\t\t\t\t\t\t\t<div class=\"img-inner dark\" >\n\t\t\t<img loading=\"lazy\" decoding=\"async\" width=\"606\" height=\"406\" src=\"https:\/\/mimarsinan.msgsu.edu.tr\/wp-content\/uploads\/2022\/04\/SehzadeMemedCami_Plan-3.png\" class=\"attachment-original size-original\" alt=\"\" srcset=\"https:\/\/mimarsinan.msgsu.edu.tr\/wp-content\/uploads\/2022\/04\/SehzadeMemedCami_Plan-3.png 606w, https:\/\/mimarsinan.msgsu.edu.tr\/wp-content\/uploads\/2022\/04\/SehzadeMemedCami_Plan-3-300x201.png 300w\" sizes=\"auto, (max-width: 606px) 100vw, 606px\" \/>\t\t\t\t\t\t\n\t\t\t\t\t<\/div>\n\t\t\t\t\t\t\t\t\n<style>\n#image_1373089809 {\n  width: 62%;\n}\n<\/style>\n\t<\/div>\n\t\n\n\t<div id=\"gap-991043127\" class=\"gap-element clearfix\" style=\"display:block; height:auto;\">\n\t\t\n<style>\n#gap-991043127 {\n  padding-top: 40px;\n}\n<\/style>\n\t<\/div>\n\t\n\n<p><strong>Kaynak: <\/strong><\/p>\n<p>Aslanapa, O. (2004). <em>Osmanl\u0131 Devri Mimarisi,<\/em> \u0130nk\u0131lap Kitabevi, \u0130stanbul.<\/p>\n<p>Aslanapa, O. Diez, E. (1955). <em>T\u00fcrk Sanat\u0131, <\/em>\u0130stanbul \u00dcniversitesi Edebiyat Fak\u00fcltesi Yay\u0131nlar\u0131, \u0130stanbul.<\/p>\n<p>\u00a0<\/p>\n\t<div id=\"gap-744465694\" class=\"gap-element clearfix\" style=\"display:block; height:auto;\">\n\t\t\n<style>\n#gap-744465694 {\n  padding-top: 80px;\n}\n<\/style>\n\t<\/div>\n\t\n\n\n\t\t<\/div>\n\t\t\t\t\t<\/div>\n\n\t\n\n<\/div>\n\n\t\t<\/div>\n\n\t\t\n<style>\n#section_1077792462 {\n  padding-top: 0px;\n  padding-bottom: 0px;\n}\n<\/style>\n\t<\/section>\n\t\n\n","protected":false},"excerpt":{"rendered":"","protected":false},"author":1,"featured_media":0,"parent":67,"menu_order":0,"comment_status":"closed","ping_status":"closed","template":"page-transparent-header.php","meta":{"footnotes":""},"class_list":["post-253","page","type-page","status-publish","hentry"],"_links":{"self":[{"href":"https:\/\/mimarsinan.msgsu.edu.tr\/wp-json\/wp\/v2\/pages\/253","targetHints":{"allow":["GET"]}}],"collection":[{"href":"https:\/\/mimarsinan.msgsu.edu.tr\/wp-json\/wp\/v2\/pages"}],"about":[{"href":"https:\/\/mimarsinan.msgsu.edu.tr\/wp-json\/wp\/v2\/types\/page"}],"author":[{"embeddable":true,"href":"https:\/\/mimarsinan.msgsu.edu.tr\/wp-json\/wp\/v2\/users\/1"}],"replies":[{"embeddable":true,"href":"https:\/\/mimarsinan.msgsu.edu.tr\/wp-json\/wp\/v2\/comments?post=253"}],"version-history":[{"count":0,"href":"https:\/\/mimarsinan.msgsu.edu.tr\/wp-json\/wp\/v2\/pages\/253\/revisions"}],"up":[{"embeddable":true,"href":"https:\/\/mimarsinan.msgsu.edu.tr\/wp-json\/wp\/v2\/pages\/67"}],"wp:attachment":[{"href":"https:\/\/mimarsinan.msgsu.edu.tr\/wp-json\/wp\/v2\/media?parent=253"}],"curies":[{"name":"wp","href":"https:\/\/api.w.org\/{rel}","templated":true}]}}