{"id":231,"date":"2022-04-09T05:56:47","date_gmt":"2022-04-09T05:56:47","guid":{"rendered":"https:\/\/mimarsinan.msgsu.edu.tr\/?page_id=231"},"modified":"2022-04-09T05:56:47","modified_gmt":"2022-04-09T05:56:47","slug":"buyukcekmece-koprusu","status":"publish","type":"page","link":"https:\/\/mimarsinan.msgsu.edu.tr\/eserleri-yapi-listesi\/buyukcekmece-koprusu\/","title":{"rendered":"B\u00fcy\u00fck\u00e7ekmece K\u00f6pr\u00fcs\u00fc"},"content":{"rendered":"\n\n\t<section class=\"section\" id=\"section_1354932715\">\n\t\t<div class=\"section-bg fill\" >\n\t\t\t\t\t\t\t\t\t\n\t\t\t\n\n\t\t<\/div>\n\n\t\t\n\n\t\t<div class=\"section-content relative\">\n\t\t\t\n\n\n  <div class=\"banner has-hover\" id=\"banner-783758164\">\n          <div class=\"banner-inner fill\">\n        <div class=\"banner-bg fill\" >\n            <img loading=\"lazy\" decoding=\"async\" width=\"2560\" height=\"1707\" src=\"https:\/\/mimarsinan.msgsu.edu.tr\/wp-content\/uploads\/2022\/04\/buyukcekmece_koprusu-scaled-4.jpg\" class=\"bg attachment-original size-original\" alt=\"\" \/>                                    \n                    <\/div>\n\t\t\n        <div class=\"banner-layers container\">\n            <div class=\"fill banner-link\"><\/div>            \n\n\n        <\/div>\n      <\/div>\n\n            \n<style>\n#banner-783758164 {\n  padding-top: 483px;\n}\n<\/style>\n  <\/div>\n\n\n\n\t\t<\/div>\n\n\t\t\n<style>\n#section_1354932715 {\n  padding-top: 0px;\n  padding-bottom: 0px;\n}\n<\/style>\n\t<\/section>\n\t\n\n\t<section class=\"section\" id=\"section_755713120\">\n\t\t<div class=\"section-bg fill\" >\n\t\t\t\t\t\t\t\t\t\n\t\t\t\n\n\t\t<\/div>\n\n\t\t\n\n\t\t<div class=\"section-content relative\">\n\t\t\t\n\n<div class=\"row row-collapse row-full-width\"  id=\"row-2069209581\">\n\n\n\t<div id=\"col-759577377\" class=\"col small-12 large-12\"  >\n\t\t\t\t<div class=\"col-inner\"  >\n\t\t\t\n\t\t\t\n\n\n  <div class=\"banner has-hover\" id=\"banner-1402558838\">\n          <div class=\"banner-inner fill\">\n        <div class=\"banner-bg fill\" >\n                                                \n                    <\/div>\n\t\t\n        <div class=\"banner-layers container\">\n            <div class=\"fill banner-link\"><\/div>            \n\n   <div id=\"text-box-18424574\" class=\"text-box banner-layer x10 md-x10 lg-x10 y50 md-y50 lg-y50 res-text\">\n                                <div class=\"text-box-content text dark\">\n              \n              <div class=\"text-inner text-center\">\n                  \n\n<h5 class=\"uppercase\" style=\"text-align: left;\"><b>B\u00dcY\u00dcK\u00c7EKMECE K\u00d6PR\u00dcS\u00dc<\/b><\/h5>\n\n              <\/div>\n           <\/div>\n                            \n<style>\n#text-box-18424574 {\n  width: 60%;\n}\n#text-box-18424574 .text-box-content {\n  font-size: 100%;\n}\n<\/style>\n    <\/div>\n \n\n        <\/div>\n      <\/div>\n\n            \n<style>\n#banner-1402558838 {\n  padding-top: 58px;\n  background-color: rgb(6, 3, 141);\n}\n<\/style>\n  <\/div>\n\n\n\n\t\t<\/div>\n\t\t\t\t\t<\/div>\n\n\t\n\n<\/div>\n\n\t\t<\/div>\n\n\t\t\n<style>\n#section_755713120 {\n  padding-top: 0px;\n  padding-bottom: 0px;\n}\n<\/style>\n\t<\/section>\n\t\n\n\t<section class=\"section\" id=\"section_403673213\">\n\t\t<div class=\"section-bg fill\" >\n\t\t\t\t\t\t\t\t\t\n\t\t\t\n\n\t\t<\/div>\n\n\t\t\n\n\t\t<div class=\"section-content relative\">\n\t\t\t\n\n<div class=\"row\"  id=\"row-1688001263\">\n\n\n\t<div id=\"col-767928801\" class=\"col small-12 large-12\"  >\n\t\t\t\t<div class=\"col-inner\"  >\n\t\t\t\n\t\t\t\n\n\t<div id=\"gap-979164887\" class=\"gap-element clearfix\" style=\"display:block; height:auto;\">\n\t\t\n<style>\n#gap-979164887 {\n  padding-top: 60px;\n}\n<\/style>\n\t<\/div>\n\t\n\n<p><strong>Eser Ad\u0131: <\/strong>B\u00fcy\u00fck\u00e7ekmece K\u00f6pr\u00fcs\u00fc<\/p>\n<p><strong>Yap\u0131l\u0131\u015f Tarihi: <\/strong>1567-1568<\/p>\n<p><strong>Bulundu\u011fu yer:<\/strong> \u0130stanbul B\u00fcy\u00fck\u00e7ekmece<\/p>\n<p><strong>Banisi: <\/strong>Kanuni Sultan S\u00fcleyman<\/p>\n<p><strong>Plan\u0131: <\/strong><\/p>\n<p><strong>\u00a0<\/strong><\/p>\n<p><strong>Kaynak: <\/strong>Bozkurt, O. (1952). <em>Koca Sinan\u2019\u0131n K\u00f6pr\u00fcleri, XVI. as\u0131r Osmanl\u0131 medeniyeti i\u00e7inde Sinan, k\u00f6pr\u00fclerin mimar\u00ee bak\u0131mdan tetkiki, siluet ve abide k\u0131ymetleri<\/em>, \u0130T\u00dc Mimarl\u0131k Fak\u00fcltesi, \u0130stanbul.<\/p>\n<p>\u00c7e\u00e7en, K. (1988). Sinan\u2019\u0131n Yapt\u0131\u011f\u0131 K\u00f6pr\u00fcler. <em>Mimarba\u015f\u0131 Kocasinan, Ya\u015fad\u0131\u011f\u0131 \u00c7a\u011f ve Eserleri, I,<\/em> s. 429-438. Eri\u015fim adresi: http:\/\/acikerisim.fsm.edu.tr\/xmlui\/bitstream\/handle\/11352\/1739\/%c3%87e%c3%a7en.pdf?sequence=1&amp;isAllowed=y<\/p>\n\t<div id=\"gap-141619328\" class=\"gap-element clearfix\" style=\"display:block; height:auto;\">\n\t\t\n<style>\n#gap-141619328 {\n  padding-top: 40px;\n}\n<\/style>\n\t<\/div>\n\t\n\n\t<div class=\"img has-hover x md-x lg-x y md-y lg-y\" id=\"image_848833760\">\n\t\t\t\t\t\t\t\t<div class=\"img-inner dark\" >\n\t\t\t<img loading=\"lazy\" decoding=\"async\" width=\"1020\" height=\"680\" src=\"https:\/\/mimarsinan.msgsu.edu.tr\/wp-content\/uploads\/2022\/04\/buyukcekmece_kopru-scaled-4-1024x683.jpg\" class=\"attachment-large size-large\" alt=\"\" srcset=\"https:\/\/mimarsinan.msgsu.edu.tr\/wp-content\/uploads\/2022\/04\/buyukcekmece_kopru-scaled-4-1024x683.jpg 1024w, https:\/\/mimarsinan.msgsu.edu.tr\/wp-content\/uploads\/2022\/04\/buyukcekmece_kopru-scaled-4-300x200.jpg 300w, https:\/\/mimarsinan.msgsu.edu.tr\/wp-content\/uploads\/2022\/04\/buyukcekmece_kopru-scaled-4-768x512.jpg 768w, https:\/\/mimarsinan.msgsu.edu.tr\/wp-content\/uploads\/2022\/04\/buyukcekmece_kopru-scaled-4-1536x1024.jpg 1536w, https:\/\/mimarsinan.msgsu.edu.tr\/wp-content\/uploads\/2022\/04\/buyukcekmece_kopru-scaled-4-2048x1366.jpg 2048w\" sizes=\"auto, (max-width: 1020px) 100vw, 1020px\" \/>\t\t\t\t\t\t\n\t\t\t\t\t<\/div>\n\t\t\t\t\t\t\t\t\n<style>\n#image_848833760 {\n  width: 100%;\n}\n<\/style>\n\t<\/div>\n\t\n\n\t<div id=\"gap-1102356762\" class=\"gap-element clearfix\" style=\"display:block; height:auto;\">\n\t\t\n<style>\n#gap-1102356762 {\n  padding-top: 80px;\n}\n<\/style>\n\t<\/div>\n\t\n\n\n\t\t<\/div>\n\t\t\t\t\t<\/div>\n\n\t\n\n<\/div>\n\n\t\t<\/div>\n\n\t\t\n<style>\n#section_403673213 {\n  padding-top: 0px;\n  padding-bottom: 0px;\n}\n<\/style>\n\t<\/section>\n\t\n\n","protected":false},"excerpt":{"rendered":"","protected":false},"author":1,"featured_media":0,"parent":67,"menu_order":0,"comment_status":"closed","ping_status":"closed","template":"page-transparent-header.php","meta":{"footnotes":""},"class_list":["post-231","page","type-page","status-publish","hentry"],"_links":{"self":[{"href":"https:\/\/mimarsinan.msgsu.edu.tr\/wp-json\/wp\/v2\/pages\/231","targetHints":{"allow":["GET"]}}],"collection":[{"href":"https:\/\/mimarsinan.msgsu.edu.tr\/wp-json\/wp\/v2\/pages"}],"about":[{"href":"https:\/\/mimarsinan.msgsu.edu.tr\/wp-json\/wp\/v2\/types\/page"}],"author":[{"embeddable":true,"href":"https:\/\/mimarsinan.msgsu.edu.tr\/wp-json\/wp\/v2\/users\/1"}],"replies":[{"embeddable":true,"href":"https:\/\/mimarsinan.msgsu.edu.tr\/wp-json\/wp\/v2\/comments?post=231"}],"version-history":[{"count":0,"href":"https:\/\/mimarsinan.msgsu.edu.tr\/wp-json\/wp\/v2\/pages\/231\/revisions"}],"up":[{"embeddable":true,"href":"https:\/\/mimarsinan.msgsu.edu.tr\/wp-json\/wp\/v2\/pages\/67"}],"wp:attachment":[{"href":"https:\/\/mimarsinan.msgsu.edu.tr\/wp-json\/wp\/v2\/media?parent=231"}],"curies":[{"name":"wp","href":"https:\/\/api.w.org\/{rel}","templated":true}]}}